{"id":2151,"date":"2021-08-25T09:04:08","date_gmt":"2021-08-25T09:04:08","guid":{"rendered":"http:\/\/training.cloud-ace.vn\/?page_id=2151"},"modified":"2021-10-29T07:18:27","modified_gmt":"2021-10-29T07:18:27","slug":"lien-he","status":"publish","type":"page","link":"https:\/\/training.cloud-ace.vn\/en\/lien-he\/","title":{"rendered":"Contact"},"content":{"rendered":"<div data-elementor-type=\"wp-page\" data-elementor-id=\"2151\" class=\"elementor elementor-2151\">\n\t\t\t\t\t\t<div class=\"elementor-inner\">\n\t\t\t\t<div class=\"elementor-section-wrap\">\n\t\t\t\t\t\t\t\t\t<section class=\"elementor-section elementor-top-section elementor-element elementor-element-2d9ef44 elementor-section-boxed elementor-section-height-default elementor-section-height-default\" data-id=\"2d9ef44\" data-element_type=\"section\">\n\t\t\t\t\t\t<div class=\"elementor-container elementor-column-gap-default\">\n\t\t\t\t\t\t\t<div class=\"elementor-row\">\n\t\t\t\t\t<div class=\"aux-parallax-section elementor-column elementor-col-100 elementor-top-column elementor-element elementor-element-b3855e4\" data-id=\"b3855e4\" data-element_type=\"column\">\n\t\t\t<div class=\"elementor-column-wrap elementor-element-populated\">\n\t\t\t\t\t\t\t<div class=\"elementor-widget-wrap\">\n\t\t\t\t\t\t<div class=\"elementor-element elementor-element-9e8d70e aux-appear-watch-animation aux-scale-up elementor-widget elementor-widget-aux_modern_heading\" data-id=\"9e8d70e\" data-element_type=\"widget\" data-widget_type=\"aux_modern_heading.default\">\n\t\t\t\t<div class=\"elementor-widget-container\">\n\t\t\t<section class=\"aux-widget-modern-heading\">\n            <div class=\"aux-widget-inner\"><h5 class=\"aux-modern-heading-primary\">li\u00ean h\u1ec7<\/h5><\/div>\n        <\/section>\t\t<\/div>\n\t\t\t\t<\/div>\n\t\t\t\t<div class=\"aux-scroll-anim elementor-element elementor-element-27fb172 elementor-widget elementor-widget-aux_image\" data-move-in=\"\" data-move-out=\"moveVertical\" data-axis-x=\"100\" data-axis-y=\"50\" data-rotate=\"90\" data-scale=\"1\" data-vp-top=\"0.5\" data-vp-bot=\"0.5\" data-el-top=\"0.2\" data-scroll-animation-off=\"1024\" data-id=\"27fb172\" data-element_type=\"widget\" data-widget_type=\"aux_image.default\">\n\t\t\t\t<div class=\"elementor-widget-container\">\n\t\t\t<section class=\"widget-container aux-widget-image aux-alignnone aux-parent-au67f09cfb\">\n    <div class=\"aux-media-hint-frame\">\n        <div class=\"aux-media-image\" >\n        \n            \n\n            \n            <img src=\"https:\/\/training.cloud-ace.vn\/wp-content\/uploads\/2021\/08\/Asset-1-4.png\" alt=\"Asset 1\" \/>            \n                <\/div>\n    <\/div>\n\n<\/section><!-- widget-container -->\t\t<\/div>\n\t\t\t\t<\/div>\n\t\t\t\t<section class=\"elementor-section elementor-inner-section elementor-element elementor-element-8949182 elementor-section-boxed elementor-section-height-default elementor-section-height-default\" data-id=\"8949182\" data-element_type=\"section\">\n\t\t\t\t\t\t<div class=\"elementor-container elementor-column-gap-default\">\n\t\t\t\t\t\t\t<div class=\"elementor-row\">\n\t\t\t\t\t<div class=\"aux-parallax-section elementor-column elementor-col-50 elementor-inner-column elementor-element elementor-element-b698471\" data-id=\"b698471\" data-element_type=\"column\">\n\t\t\t<div class=\"elementor-column-wrap elementor-element-populated\">\n\t\t\t\t\t\t\t<div class=\"elementor-widget-wrap\">\n\t\t\t\t\t\t<div class=\"elementor-element elementor-element-693ae4a elementor-widget elementor-widget-wp-widget-custom_html\" data-id=\"693ae4a\" data-element_type=\"widget\" data-widget_type=\"wp-widget-custom_html.default\">\n\t\t\t\t<div class=\"elementor-widget-container\">\n\t\t\t<div class=\"textwidget custom-html-widget\"><div class=\"contact-details\">\r\n   <div class=\"single-contact p-1\">\r\n      <i class=\"fa fa-map-marker\" aria-hidden=\"true\"><\/i>\r\n      <h6 class=\"text\"><span class=\"bold\">Tr\u1ee5 s\u1edf: <\/span>Head office: Building H3, 1st Floor, 384 Hoang Dieu, Ward 6, District 4, City. Ho Chi Minh City, Viet Nam<\/h6>\r\n   <\/div>\r\n   <div class=\"single-contact p-1\">\r\n      <i class=\"fa fa-map-marker\" aria-hidden=\"true\"><\/i>\r\n      <h6 class=\"text\"><span class=\"bold\">Chi nh\u00e1nh: <\/span>Branch: 2nd floor, Toong Hoang Dao Thuy, Cau Giay district, Hanoi<\/h6>\r\n   <\/div>\r\n   <div class=\"single-contact p-1\">\r\n      <i class=\"fa fa-envelope\" aria-hidden=\"true\"><\/i>\r\n      <h6 class=\"text\">training.vn@cloud-ace.com<\/h6>\r\n   <\/div>\r\n   <div class=\"single-contact p-1\">\r\n      <i class=\"fa fa-phone\" aria-hidden=\"true\"><\/i>\r\n      <h6 class=\"text\">028 6686 3323<\/h6>\r\n   <\/div>\r\n<\/div><\/div>\t\t<\/div>\n\t\t\t\t<\/div>\n\t\t\t\t<div class=\"elementor-element elementor-element-90075a9 aux-appear-watch-animation aux-fade-in-up-1 elementor-widget elementor-widget-aux_contact_form\" data-id=\"90075a9\" data-element_type=\"widget\" data-widget_type=\"aux_contact_form.default\">\n\t\t\t\t<div class=\"elementor-widget-container\">\n\t\t\t<section class=\"widget-container aux-widget-contact-form aux-parent-au870e59af\">            <div class=\"aux-col-wrapper aux-no-gutter\">\n            <!-- @TODO - The output for element here -->\n\n            <div role=\"form\" class=\"wpcf7\" id=\"wpcf7-f2168-o1\" lang=\"en-US\" dir=\"ltr\">\n<div class=\"screen-reader-response\"><p role=\"status\" aria-live=\"polite\" aria-atomic=\"true\"><\/p> <ul><\/ul><\/div>\n<form action=\"\/en\/wp-json\/wp\/v2\/pages\/2151#wpcf7-f2168-o1\" method=\"post\" class=\"wpcf7-form init\" novalidate=\"novalidate\" data-status=\"init\" data-trp-original-action=\"\/en\/wp-json\/wp\/v2\/pages\/2151#wpcf7-f2168-o1\">\n<div style=\"display: none;\">\n<input type=\"hidden\" name=\"_wpcf7\" value=\"2168\" \/>\n<input type=\"hidden\" name=\"_wpcf7_version\" value=\"5.6.2\" \/>\n<input type=\"hidden\" name=\"_wpcf7_locale\" value=\"en_US\" \/>\n<input type=\"hidden\" name=\"_wpcf7_unit_tag\" value=\"wpcf7-f2168-o1\" \/>\n<input type=\"hidden\" name=\"_wpcf7_container_post\" value=\"0\" \/>\n<input type=\"hidden\" name=\"_wpcf7_posted_data_hash\" value=\"\" \/>\n<input type=\"hidden\" name=\"_wpcf7_recaptcha_response\" value=\"\" \/>\n<\/div>\n<div class=\"row\">\n<div class=\"col-sm-12 col-md-6 col-lg-6\">\n         <span class=\"wpcf7-form-control-wrap\" data-name=\"company\"><input type=\"text\" name=\"company\" value=\"\" size=\"40\" class=\"wpcf7-form-control wpcf7-text wpcf7-validates-as-required\" aria-required=\"true\" aria-invalid=\"false\" placeholder=\"Company\" \/><\/span>\n    <\/div>\n<div class=\"col-sm-12 col-md-6 col-lg-6\">\n       <span class=\"wpcf7-form-control-wrap\" data-name=\"phone\"><input type=\"tel\" name=\"phone\" value=\"\" size=\"40\" class=\"wpcf7-form-control wpcf7-text wpcf7-tel wpcf7-validates-as-required wpcf7-validates-as-tel\" aria-required=\"true\" aria-invalid=\"false\" placeholder=\"Phone number\" \/><\/span>\n    <\/div>\n<div class=\"col-sm-12 col-md-12 col-lg-12\">\n      <span class=\"wpcf7-form-control-wrap\" data-name=\"email\"><input type=\"email\" name=\"email\" value=\"\" size=\"40\" class=\"wpcf7-form-control wpcf7-text wpcf7-email wpcf7-validates-as-required wpcf7-validates-as-email\" aria-required=\"true\" aria-invalid=\"false\" placeholder=\"Email *\" \/><\/span>\n    <\/div>\n<div class=\"col-sm-12 col-md-12 col-lg-12\">\n      <span class=\"wpcf7-form-control-wrap\" data-name=\"message\"><textarea name=\"message\" cols=\"40\" rows=\"10\" class=\"wpcf7-form-control wpcf7-textarea wpcf7-validates-as-required\" aria-required=\"true\" aria-invalid=\"false\" placeholder=\"Kh\u00f3a h\u1ecdc mu\u1ed1n \u0111\u0103ng k\u00fd *\"><\/textarea><\/span>\n    <\/div>\n<\/div>\n<p><input type=\"submit\" value=\"Send message\" class=\"wpcf7-form-control has-spinner wpcf7-submit\" \/><\/p>\n<div class=\"wpcf7-response-output\" aria-hidden=\"true\"><\/div><input type=\"hidden\" name=\"trp-form-language\" value=\"en\"\/><\/form><\/div>\n\n            <\/div><!-- aux-col-wrapper -->\n    <\/section><!-- widget-container -->\t\t<\/div>\n\t\t\t\t<\/div>\n\t\t\t\t\t\t<\/div>\n\t\t\t\t\t<\/div>\n\t\t<\/div>\n\t\t\t\t<div class=\"aux-parallax-section elementor-column elementor-col-50 elementor-inner-column elementor-element elementor-element-ce7595e\" data-id=\"ce7595e\" data-element_type=\"column\">\n\t\t\t<div class=\"elementor-column-wrap elementor-element-populated\">\n\t\t\t\t\t\t\t<div class=\"elementor-widget-wrap\">\n\t\t\t\t\t\t<div class=\"elementor-element elementor-element-39c23a8 aux-appear-watch-animation aux-slide-from-right elementor-widget elementor-widget-wp-widget-custom_html\" data-id=\"39c23a8\" data-element_type=\"widget\" data-widget_type=\"wp-widget-custom_html.default\">\n\t\t\t\t<div class=\"elementor-widget-container\">\n\t\t\t<div class=\"textwidget custom-html-widget\"><div class=\"wrap-iframe\">\r\n<iframe loading=\"lazy\" src=\"https:\/\/www.google.com\/maps\/embed?pb=!1m14!1m8!1m3!1d7839.329523697927!2d106.699114!3d10.760299!3m2!1i1024!2i768!4f13.1!3m3!1m2!1s0x0%3A0x913893b2beda60f9!2sCloud%20Ace%20Vietnam%20(Google%20Cloud%20Premier%20Partner)!5e0!3m2!1svi!2sus!4v1578987370102!5m2!1svi!2sus\" width=\"100%\" height=\"400px\" frameborder=\"0\" allowfullscreen=\"\"><\/iframe>\r\n<\/div>\r\n<\/div>\t\t<\/div>\n\t\t\t\t<\/div>\n\t\t\t\t\t\t<\/div>\n\t\t\t\t\t<\/div>\n\t\t<\/div>\n\t\t\t\t\t\t\t\t<\/div>\n\t\t\t\t\t<\/div>\n\t\t<\/section>\n\t\t\t\t\t\t<\/div>\n\t\t\t\t\t<\/div>\n\t\t<\/div>\n\t\t\t\t\t\t\t\t<\/div>\n\t\t\t\t\t<\/div>\n\t\t<\/section>\n\t\t\t\t\t\t\t\t\t<\/div>\n\t\t\t<\/div>\n\t\t\t\t\t<\/div>","protected":false},"excerpt":{"rendered":"<p>li\u00ean h\u1ec7<\/p>","protected":false},"author":2,"featured_media":0,"parent":0,"menu_order":0,"comment_status":"closed","ping_status":"closed","template":"","meta":{"inline_featured_image":false},"yoast_head":"<!-- This site is optimized with the Yoast SEO plugin v19.5.1 - https:\/\/yoast.com\/wordpress\/plugins\/seo\/ -->\n<title>Li\u00ean h\u1ec7 - Cloud Ace Training<\/title>\n<meta name=\"robots\" content=\"index, follow, max-snippet:-1, max-image-preview:large, max-video-preview:-1\" \/>\n<link rel=\"canonical\" href=\"https:\/\/training.cloud-ace.vn\/en\/lien-he\/\" \/>\n<meta property=\"og:locale\" content=\"en_US\" \/>\n<meta property=\"og:type\" content=\"article\" \/>\n<meta property=\"og:title\" content=\"Li\u00ean h\u1ec7 - Cloud Ace Training\" \/>\n<meta property=\"og:description\" content=\"li\u00ean h\u1ec7\" \/>\n<meta property=\"og:url\" content=\"https:\/\/training.cloud-ace.vn\/en\/lien-he\/\" \/>\n<meta property=\"og:site_name\" content=\"Cloud Ace Training\" \/>\n<meta property=\"article:modified_time\" content=\"2021-10-29T07:18:27+00:00\" \/>\n<meta property=\"og:image\" content=\"http:\/\/training.cloud-ace.vn\/wp-content\/uploads\/2021\/08\/Asset-1-4.png\" \/>\n<meta name=\"twitter:card\" content=\"summary_large_image\" \/>\n<meta name=\"twitter:label1\" content=\"Est. reading time\" \/>\n\t<meta name=\"twitter:data1\" content=\"1 minute\" \/>\n<script type=\"application\/ld+json\" class=\"yoast-schema-graph\">{\"@context\":\"https:\/\/schema.org\",\"@graph\":[{\"@type\":\"WebPage\",\"@id\":\"https:\/\/training.cloud-ace.vn\/lien-he\/\",\"url\":\"https:\/\/training.cloud-ace.vn\/lien-he\/\",\"name\":\"Li\u00ean h\u1ec7 - Cloud Ace Training\",\"isPartOf\":{\"@id\":\"http:\/\/training.cloud-ace.vn\/#website\"},\"datePublished\":\"2021-08-25T09:04:08+00:00\",\"dateModified\":\"2021-10-29T07:18:27+00:00\",\"breadcrumb\":{\"@id\":\"https:\/\/training.cloud-ace.vn\/lien-he\/#breadcrumb\"},\"inLanguage\":\"en-US\",\"potentialAction\":[{\"@type\":\"ReadAction\",\"target\":[\"https:\/\/training.cloud-ace.vn\/lien-he\/\"]}]},{\"@type\":\"BreadcrumbList\",\"@id\":\"https:\/\/training.cloud-ace.vn\/lien-he\/#breadcrumb\",\"itemListElement\":[{\"@type\":\"ListItem\",\"position\":1,\"name\":\"Home\",\"item\":\"https:\/\/training.cloud-ace.vn\/\"},{\"@type\":\"ListItem\",\"position\":2,\"name\":\"Li\u00ean h\u1ec7\"}]},{\"@type\":\"WebSite\",\"@id\":\"http:\/\/training.cloud-ace.vn\/#website\",\"url\":\"http:\/\/training.cloud-ace.vn\/\",\"name\":\"Cloud Ace Training\",\"description\":\"\",\"publisher\":{\"@id\":\"http:\/\/training.cloud-ace.vn\/#organization\"},\"potentialAction\":[{\"@type\":\"SearchAction\",\"target\":{\"@type\":\"EntryPoint\",\"urlTemplate\":\"http:\/\/training.cloud-ace.vn\/?s={search_term_string}\"},\"query-input\":\"required name=search_term_string\"}],\"inLanguage\":\"en-US\"},{\"@type\":\"Organization\",\"@id\":\"http:\/\/training.cloud-ace.vn\/#organization\",\"name\":\"Cloud Ace Training\",\"url\":\"http:\/\/training.cloud-ace.vn\/\",\"sameAs\":[],\"logo\":{\"@type\":\"ImageObject\",\"inLanguage\":\"en-US\",\"@id\":\"http:\/\/training.cloud-ace.vn\/#\/schema\/logo\/image\/\",\"url\":\"https:\/\/training.cloud-ace.vn\/wp-content\/uploads\/2021\/08\/logo.png\",\"contentUrl\":\"https:\/\/training.cloud-ace.vn\/wp-content\/uploads\/2021\/08\/logo.png\",\"width\":1788,\"height\":344,\"caption\":\"Cloud Ace Training\"},\"image\":{\"@id\":\"http:\/\/training.cloud-ace.vn\/#\/schema\/logo\/image\/\"}}]}<\/script>\n<!-- \/ Yoast SEO plugin. -->","yoast_head_json":{"title":"Li\u00ean h\u1ec7 - Cloud Ace Training","robots":{"index":"index","follow":"follow","max-snippet":"max-snippet:-1","max-image-preview":"max-image-preview:large","max-video-preview":"max-video-preview:-1"},"canonical":"https:\/\/training.cloud-ace.vn\/en\/lien-he\/","og_locale":"en_US","og_type":"article","og_title":"Li\u00ean h\u1ec7 - Cloud Ace Training","og_description":"li\u00ean h\u1ec7","og_url":"https:\/\/training.cloud-ace.vn\/en\/lien-he\/","og_site_name":"Cloud Ace Training","article_modified_time":"2021-10-29T07:18:27+00:00","og_image":[{"url":"http:\/\/training.cloud-ace.vn\/wp-content\/uploads\/2021\/08\/Asset-1-4.png"}],"twitter_card":"summary_large_image","twitter_misc":{"Est. reading time":"1 minute"},"schema":{"@context":"https:\/\/schema.org","@graph":[{"@type":"WebPage","@id":"https:\/\/training.cloud-ace.vn\/lien-he\/","url":"https:\/\/training.cloud-ace.vn\/lien-he\/","name":"Li\u00ean h\u1ec7 - Cloud Ace Training","isPartOf":{"@id":"http:\/\/training.cloud-ace.vn\/#website"},"datePublished":"2021-08-25T09:04:08+00:00","dateModified":"2021-10-29T07:18:27+00:00","breadcrumb":{"@id":"https:\/\/training.cloud-ace.vn\/lien-he\/#breadcrumb"},"inLanguage":"en-US","potentialAction":[{"@type":"ReadAction","target":["https:\/\/training.cloud-ace.vn\/lien-he\/"]}]},{"@type":"BreadcrumbList","@id":"https:\/\/training.cloud-ace.vn\/lien-he\/#breadcrumb","itemListElement":[{"@type":"ListItem","position":1,"name":"Home","item":"https:\/\/training.cloud-ace.vn\/"},{"@type":"ListItem","position":2,"name":"Li\u00ean h\u1ec7"}]},{"@type":"WebSite","@id":"http:\/\/training.cloud-ace.vn\/#website","url":"http:\/\/training.cloud-ace.vn\/","name":"Cloud Ace Training","description":"","publisher":{"@id":"http:\/\/training.cloud-ace.vn\/#organization"},"potentialAction":[{"@type":"SearchAction","target":{"@type":"EntryPoint","urlTemplate":"http:\/\/training.cloud-ace.vn\/?s={search_term_string}"},"query-input":"required name=search_term_string"}],"inLanguage":"en-US"},{"@type":"Organization","@id":"http:\/\/training.cloud-ace.vn\/#organization","name":"Cloud Ace Training","url":"http:\/\/training.cloud-ace.vn\/","sameAs":[],"logo":{"@type":"ImageObject","inLanguage":"en-US","@id":"http:\/\/training.cloud-ace.vn\/#\/schema\/logo\/image\/","url":"https:\/\/training.cloud-ace.vn\/wp-content\/uploads\/2021\/08\/logo.png","contentUrl":"https:\/\/training.cloud-ace.vn\/wp-content\/uploads\/2021\/08\/logo.png","width":1788,"height":344,"caption":"Cloud Ace Training"},"image":{"@id":"http:\/\/training.cloud-ace.vn\/#\/schema\/logo\/image\/"}}]}},"_links":{"self":[{"href":"https:\/\/training.cloud-ace.vn\/en\/wp-json\/wp\/v2\/pages\/2151"}],"collection":[{"href":"https:\/\/training.cloud-ace.vn\/en\/wp-json\/wp\/v2\/pages"}],"about":[{"href":"https:\/\/training.cloud-ace.vn\/en\/wp-json\/wp\/v2\/types\/page"}],"author":[{"embeddable":true,"href":"https:\/\/training.cloud-ace.vn\/en\/wp-json\/wp\/v2\/users\/2"}],"replies":[{"embeddable":true,"href":"https:\/\/training.cloud-ace.vn\/en\/wp-json\/wp\/v2\/comments?post=2151"}],"version-history":[{"count":106,"href":"https:\/\/training.cloud-ace.vn\/en\/wp-json\/wp\/v2\/pages\/2151\/revisions"}],"predecessor-version":[{"id":5758,"href":"https:\/\/training.cloud-ace.vn\/en\/wp-json\/wp\/v2\/pages\/2151\/revisions\/5758"}],"wp:attachment":[{"href":"https:\/\/training.cloud-ace.vn\/en\/wp-json\/wp\/v2\/media?parent=2151"}],"curies":[{"name":"wp","href":"https:\/\/api.w.org\/{rel}","templated":true}]}}